{"id":2615,"date":"2022-11-02T17:59:42","date_gmt":"2022-11-02T16:59:42","guid":{"rendered":"http:\/\/www.campingilfrutteto.it\/home\/"},"modified":"2023-01-29T14:08:30","modified_gmt":"2023-01-29T13:08:30","slug":"home","status":"publish","type":"page","link":"https:\/\/www.campingilfrutteto.it\/en\/home\/","title":{"rendered":"home"},"content":{"rendered":"<style>\/*! elementor - v3.9.2 - 21-12-2022 *\/\n.elementor-widget-image{text-align:center}.elementor-widget-image a{display:inline-block}.elementor-widget-image a img[src$=\".svg\"]{width:48px}.elementor-widget-image img{vertical-align:middle;display:inline-block}<\/style>\n<p>\t\t\t\t\t\t\t\t\t\t\t\t<img loading=\"lazy\" decoding=\"async\" width=\"304\" height=\"175\" src=\"http:\/\/www.campingilfrutteto.it\/wp-content\/uploads\/2022\/11\/logo-campingilfrutteto.png\" alt=\"\" loading=\"lazy\" srcset=\"http:\/\/www.campingilfrutteto.it\/wp-content\/uploads\/2022\/11\/logo-campingilfrutteto.png 304w, http:\/\/www.campingilfrutteto.it\/wp-content\/uploads\/2022\/11\/logo-campingilfrutteto-300x173.png 300w\" sizes=\"auto, (max-width: 304px) 100vw, 304px\" \/>\t\t\t\t\t\t\t\t\t\t\t\t\t\t\t<\/p>\n<style>\/*! elementor - v3.9.2 - 21-12-2022 *\/\n.elementor-column .elementor-spacer-inner{height:var(--spacer-size)}.e-con{--container-widget-width:100%}.e-con-inner>.elementor-widget-spacer,.e-con>.elementor-widget-spacer{width:var(--container-widget-width,var(--spacer-size));--align-self:var(--container-widget-align-self,initial);--flex-shrink:0}.e-con-inner>.elementor-widget-spacer>.elementor-widget-container,.e-con-inner>.elementor-widget-spacer>.elementor-widget-container>.elementor-spacer,.e-con>.elementor-widget-spacer>.elementor-widget-container,.e-con>.elementor-widget-spacer>.elementor-widget-container>.elementor-spacer{height:100%}.e-con-inner>.elementor-widget-spacer>.elementor-widget-container>.elementor-spacer>.elementor-spacer-inner,.e-con>.elementor-widget-spacer>.elementor-widget-container>.elementor-spacer>.elementor-spacer-inner{height:var(--container-widget-height,var(--spacer-size))}<\/style>\n<style>\/*! elementor - v3.9.2 - 21-12-2022 *\/\n.elementor-heading-title{padding:0;margin:0;line-height:1}.elementor-widget-heading .elementor-heading-title[class*=elementor-size-]>a{color:inherit;font-size:inherit;line-height:inherit}.elementor-widget-heading .elementor-heading-title.elementor-size-small{font-size:15px}.elementor-widget-heading .elementor-heading-title.elementor-size-medium{font-size:19px}.elementor-widget-heading .elementor-heading-title.elementor-size-large{font-size:29px}.elementor-widget-heading .elementor-heading-title.elementor-size-xl{font-size:39px}.elementor-widget-heading .elementor-heading-title.elementor-size-xxl{font-size:59px}<\/style>\n<h2>Un&#8217;oasi da scoprire<\/h2>\n<h2>Scopri il nostro piccolo e accogliente Camping, tra sole, mare e tanto verde.<\/h2>\n<h2>Un&#8217;oasi di pace e tranquillit\u00e0 con vista sul mare<\/h2>\n<p>Sole, mare, natura e buona cucina&#8230; In altre parole, vacanza perfetta! Il campeggio ha una splendida vista panoramica ed \u00e8 circondato da una vegetazione di alberi da frutto messi a disposizione della clientela.    <\/p>\n<p>Il frutteto sorge su un dolce ripiano con una vista panoramica sul mare e si trova a Cupra Marittima (a soli 7 km da San Benedetto del Tronto).<\/p>\n<p>\t\t\t\t\t\t\t\t\t\t\t\t\t\t\t<img loading=\"lazy\" decoding=\"async\" width=\"768\" height=\"1024\" src=\"http:\/\/www.campingilfrutteto.it\/wp-content\/uploads\/2023\/01\/IMG_2740-768x1024-1.jpg\" alt=\"\" loading=\"lazy\" srcset=\"http:\/\/www.campingilfrutteto.it\/wp-content\/uploads\/2023\/01\/IMG_2740-768x1024-1.jpg 768w, http:\/\/www.campingilfrutteto.it\/wp-content\/uploads\/2023\/01\/IMG_2740-768x1024-1-225x300.jpg 225w\" sizes=\"auto, (max-width: 768px) 100vw, 768px\" \/><br \/>\n\t\t\t\t\t\t\t\t\t\t\t\t\t\t\t<img loading=\"lazy\" decoding=\"async\" width=\"800\" height=\"534\" src=\"http:\/\/www.campingilfrutteto.it\/wp-content\/uploads\/2023\/01\/piscina_7-1024x683.jpg\" alt=\"\" loading=\"lazy\" srcset=\"http:\/\/www.campingilfrutteto.it\/wp-content\/uploads\/2023\/01\/piscina_7-1024x683.jpg 1024w, http:\/\/www.campingilfrutteto.it\/wp-content\/uploads\/2023\/01\/piscina_7-300x200.jpg 300w, http:\/\/www.campingilfrutteto.it\/wp-content\/uploads\/2023\/01\/piscina_7-768x512.jpg 768w, http:\/\/www.campingilfrutteto.it\/wp-content\/uploads\/2023\/01\/piscina_7-1536x1024.jpg 1536w, http:\/\/www.campingilfrutteto.it\/wp-content\/uploads\/2023\/01\/piscina_7.jpg 1600w\" sizes=\"auto, (max-width: 800px) 100vw, 800px\" \/><br \/>\n\t\t\t\t\t\t\t\t\t\t\t\t\t\t\t<img decoding=\"async\" src=\"http:\/\/www.campingilfrutteto.it\/wp-content\/uploads\/elementor\/thumbs\/piscina-7-vert-q0sfgrfxnjefa45o5takdfuy7u92qny6lfv3k9bd5k.png\" title=\"piscina-7-vert\" alt=\"piscina-7-vert\" \/>\t\t\t\t\t\t\t\t\t\t\t\t\t\t\t<\/p>\n<h2>L\u2019atmosfera di casa<\/h2>\n<p>Ci piace accogliervi &#8220;in famiglia&#8221;, soddisfare le vostre esigenze, scambiare quattro chiacchiere, cucinare per voi e farvi sentire come tra vecchi amici. La vostra serenit\u00e0 \u00e8 il nostro obiettivo. <\/p>\n<\/p>\n<h3>La felicit\u00e0 dei bambini<\/h3>\n<p>Il campeggio \u00e8 a misura di bimbo. Anche i pi\u00f9 piccoli potranno avere ci\u00f2 che desiderano da una vacanza: divertimento e spensieratezza. Natura, piscina e parco giochi renderanno il  soggiorno ancora pi\u00f9 speciale. <\/p>\n<h3>Benvenuto relax<\/h3>\n<p>I suoni della natura e del mare saranno la cornice musicale del vostro soggiorno. Vacanza \u00e8 sinonimo di riposo e vi garantiremo un ambiente sicuro e rilassante per tutta la durata del vostro soggiorno. <\/p>\n<h2>I nostri Servizi<\/h2>\n<link rel=\"stylesheet\" href=\"http:\/\/www.campingilfrutteto.it\/wp-content\/plugins\/elementor\/assets\/css\/widget-icon-list.min.css\">\n<ul>\n<li>Piscina con bagnino\n\t\t\t\t\t\t\t\t\t<\/li>\n<li>wi-fi gratuito in tutto il campeggio\n\t\t\t\t\t\t\t\t\t<\/li>\n<li>ristorante a gestione familiare\n\t\t\t\t\t\t\t\t\t<\/li>\n<\/ul>\n<ul>\n<li>posto auto riservato (solo per bungalow)\n\t\t\t\t\t\t\t\t\t<\/li>\n<li>parco giochi per bambini\n\t\t\t\t\t\t\t\t\t<\/li>\n<li>noleggio bici\n\t\t\t\t\t\t\t\t\t<\/li>\n<\/ul>\n<p><a href=\"\/servizi\/\" role=\"button\">TUTTI I SERVIZI<br \/>\n\t\t\t\t\t<\/a><link rel=\"stylesheet\" href=\"http:\/\/www.campingilfrutteto.it\/wp-content\/plugins\/elementor-pro\/assets\/css\/widget-call-to-action.min.css\">\n<h2>Camere con balcone e bagno privato,<br \/>Bungalows e Piazzole<\/h2>\n<p>Il camping \u00e8 l&#8217;ambiente ideale per trascorrere una vacanza tranquilla e rilassante, immersi nella natura. Vi proponiamo diverse tipologie di alloggi, affinch\u00e9 possiate trascorrere una vacanza confortevole e su misura. <\/p>\n<p>Guarda le nostre proposte abitative e inizia a sognare la tua vacanza da ora!<br \/>\n\t\t\t\t\t<a>Scopri tutte le nostre strutture\t\t\t\t\t<\/a><\/p>\n<h2>Le nostre Offerte<\/h2>\n<h2>Il paesaggio naturale pi\u00f9 suggestivo per trascorrere le vostre vacanze.<\/h2>\n<p>Il frutteto offre un incantevole panorama per gli occhi e per i sensi. Nei mesi primaverili si riempie di bellezza con i colori dei fiori e in estate ci regala i frutti che aspettiamo tutto l&#8217;anno&#8230;pere, prugne, susine. <\/p>\n<p>Provate ad immaginare la bellezza che avrete di fronte quando guarderete il panorama mozzafiato del mare dall\u2019alto della collina in cui siamo situati. Non dimenticate che le nostre spiagge sono state insignite della Bandiera Blu!<\/p>\n<p>\t\t\t\t\t\t\t\t\t\t\t\t\t\t\t<img loading=\"lazy\" decoding=\"async\" width=\"1772\" height=\"1772\" src=\"http:\/\/www.campingilfrutteto.it\/wp-content\/uploads\/2022\/11\/Marche-Trekking_logo_V_sito.jpg\" alt=\"\" loading=\"lazy\" srcset=\"http:\/\/www.campingilfrutteto.it\/wp-content\/uploads\/2022\/11\/Marche-Trekking_logo_V_sito.jpg 1772w, http:\/\/www.campingilfrutteto.it\/wp-content\/uploads\/2022\/11\/elementor\/thumbs\/Marche-Trekking_logo_V_sito-pxeygb654c3ukkrl90vr63a20vq9iiivkdzlgq1fi0.jpg 300w, http:\/\/www.campingilfrutteto.it\/wp-content\/uploads\/2022\/11\/Marche-Trekking_logo_V_sito-1024x1024.jpg 1024w, http:\/\/www.campingilfrutteto.it\/wp-content\/uploads\/2022\/11\/Marche-Trekking_logo_V_sito-150x150.jpg 150w, http:\/\/www.campingilfrutteto.it\/wp-content\/uploads\/2022\/11\/Marche-Trekking_logo_V_sito-768x768.jpg 768w, http:\/\/www.campingilfrutteto.it\/wp-content\/uploads\/2022\/11\/Marche-Trekking_logo_V_sito-1536x1536.jpg 1536w, http:\/\/www.campingilfrutteto.it\/wp-content\/uploads\/2022\/11\/Marche-Trekking_logo_V_sito-1568x1568.jpg 1568w\" sizes=\"auto, (max-width: 1772px) 100vw, 1772px\" \/><br \/>\n\t\t\t\t\t\t\t\t\t\t\t\t\t\t\t<img loading=\"lazy\" decoding=\"async\" width=\"800\" height=\"800\" src=\"http:\/\/www.campingilfrutteto.it\/wp-content\/uploads\/2022\/11\/Marche_Motorbike_logo-per-sito-1024x1024.jpg\" alt=\"\" loading=\"lazy\" srcset=\"http:\/\/www.campingilfrutteto.it\/wp-content\/uploads\/2022\/11\/Marche_Motorbike_logo-per-sito-1024x1024.jpg 1024w, http:\/\/www.campingilfrutteto.it\/wp-content\/uploads\/2022\/11\/Marche_Motorbike_logo-per-sito-300x300.jpg 300w, http:\/\/www.campingilfrutteto.it\/wp-content\/uploads\/2022\/11\/Marche_Motorbike_logo-per-sito-150x150.jpg 150w, http:\/\/www.campingilfrutteto.it\/wp-content\/uploads\/2022\/11\/Marche_Motorbike_logo-per-sito-768x768.jpg 768w, http:\/\/www.campingilfrutteto.it\/wp-content\/uploads\/2022\/11\/Marche_Motorbike_logo-per-sito-1536x1536.jpg 1536w, http:\/\/www.campingilfrutteto.it\/wp-content\/uploads\/2022\/11\/Marche_Motorbike_logo-per-sito-1568x1568.jpg 1568w, http:\/\/www.campingilfrutteto.it\/wp-content\/uploads\/2022\/11\/Marche_Motorbike_logo-per-sito.jpg 1772w\" sizes=\"auto, (max-width: 800px) 100vw, 800px\" \/><br \/>\n\t\t\t\t\t\t\t\t\t\t\t\t\t\t\t<img loading=\"lazy\" decoding=\"async\" width=\"191\" height=\"138\" src=\"http:\/\/www.campingilfrutteto.it\/wp-content\/uploads\/2022\/11\/blue_flag.jpg\" alt=\"\" loading=\"lazy\" \/><\/p>\n","protected":false},"excerpt":{"rendered":"<p>Un&#8217;oasi da scoprire Scopri il nostro piccolo e accogliente Camping, tra sole, mare e tanto verde. Un&#8217;oasi di pace e tranquillit\u00e0 con vista sul mare Sole, mare, natura e buona cucina&#8230; In altre parole, vacanza perfetta! Il campeggio ha una splendida vista panoramica ed \u00e8 circondato da una vegetazione di alberi da frutto messi a [&hellip;]<\/p>\n","protected":false},"author":1,"featured_media":0,"parent":0,"menu_order":0,"comment_status":"closed","ping_status":"closed","template":"elementor_theme","meta":{"footnotes":""},"class_list":["post-2615","page","type-page","status-publish","hentry"],"_links":{"self":[{"href":"https:\/\/www.campingilfrutteto.it\/en\/wp-json\/wp\/v2\/pages\/2615","targetHints":{"allow":["GET"]}}],"collection":[{"href":"https:\/\/www.campingilfrutteto.it\/en\/wp-json\/wp\/v2\/pages"}],"about":[{"href":"https:\/\/www.campingilfrutteto.it\/en\/wp-json\/wp\/v2\/types\/page"}],"author":[{"embeddable":true,"href":"https:\/\/www.campingilfrutteto.it\/en\/wp-json\/wp\/v2\/users\/1"}],"replies":[{"embeddable":true,"href":"https:\/\/www.campingilfrutteto.it\/en\/wp-json\/wp\/v2\/comments?post=2615"}],"version-history":[{"count":1,"href":"https:\/\/www.campingilfrutteto.it\/en\/wp-json\/wp\/v2\/pages\/2615\/revisions"}],"predecessor-version":[{"id":2616,"href":"https:\/\/www.campingilfrutteto.it\/en\/wp-json\/wp\/v2\/pages\/2615\/revisions\/2616"}],"wp:attachment":[{"href":"https:\/\/www.campingilfrutteto.it\/en\/wp-json\/wp\/v2\/media?parent=2615"}],"curies":[{"name":"wp","href":"https:\/\/api.w.org\/{rel}","templated":true}]}}